{"id":9,"date":"2026-02-09T20:19:04","date_gmt":"2026-02-09T17:19:04","guid":{"rendered":"https:\/\/berbertech.com\/?page_id=9"},"modified":"2026-04-16T14:28:21","modified_gmt":"2026-04-16T11:28:21","slug":"main-menu","status":"publish","type":"page","link":"https:\/\/berbertech.com\/","title":{"rendered":"Ana S\u0259hif\u0259"},"content":{"rendered":"\t\t<div data-elementor-type=\"wp-page\" data-elementor-id=\"9\" class=\"elementor elementor-9\" data-elementor-post-type=\"page\">\n\t\t\t\t<div class=\"elementor-element elementor-element-6ece37bf e-flex e-con-boxed wpr-particle-no wpr-jarallax-no wpr-parallax-no wpr-sticky-section-no wpr-equal-height-no e-con e-parent\" data-id=\"6ece37bf\" data-element_type=\"container\" data-e-type=\"container\">\n\t\t\t\t\t<div class=\"e-con-inner\">\n\t\t\t\t<div class=\"elementor-element elementor-element-39b494e4 elementor-widget elementor-widget-text-editor\" data-id=\"39b494e4\" data-element_type=\"widget\" data-e-type=\"widget\" data-widget_type=\"text-editor.default\">\n\t\t\t\t\t\t\t\t\t<div id=\"overlappable-8\" class=\"overlappable-5-materialis content-section content-section-spacing-large\" style=\"background-color: #f5fafd;\" data-label=\"Overlappable\" data-id=\"overlappable-5-materialis\" data-export-id=\"overlappable-5-materialis\" data-category=\"overlappable\" data-overlap=\"true\"><div class=\"gridContainer\"><div class=\"row spaced-cols \" data-type=\"row\"><div class=\"col-xs-12 col-sm-6 col-md-4 \"><div class=\"card mdc-elevation--z3 row-card\"><div class=\"row\"><div class=\"col-xs-12 col-sm-fit icon-col\" data-fixed=\"true\">\u00a0<\/div><div class=\"col-xs-12 col-sm\" data-type=\"column\"><h4 class=\"color-black\">B\u0259rb\u0259r texnologiyas\u0131<\/h4><article class=\"text-token-text-primary w-full focus:outline-none [--shadow-height:45px] has-data-writing-block:pointer-events-none has-data-writing-block:-mt-(--shadow-height) has-data-writing-block:pt-(--shadow-height) [&amp;:has([data-writing-block])&gt;*]:pointer-events-auto scroll-mt-(--header-height)\" dir=\"auto\" tabindex=\"-1\" data-turn-id=\"27cc529e-171c-453d-8998-538b6a97851b\" data-testid=\"conversation-turn-1\" data-scroll-anchor=\"false\" data-turn=\"user\"><\/article><article class=\"text-token-text-primary w-full focus:outline-none [--shadow-height:45px] has-data-writing-block:pointer-events-none has-data-writing-block:-mt-(--shadow-height) has-data-writing-block:pt-(--shadow-height) [&amp;:has([data-writing-block])&gt;*]:pointer-events-auto [content-visibility:auto] supports-[content-visibility:auto]:[contain-intrinsic-size:auto_100lvh] scroll-mt-[calc(var(--header-height)+min(200px,max(70px,20svh)))] sm:AIPRM__conversation__response\" dir=\"auto\" tabindex=\"-1\" data-turn-id=\"2301927b-c918-4db4-8478-f7e1de39dc2e\" data-testid=\"conversation-turn-2\" data-scroll-anchor=\"true\" data-turn=\"assistant\"><div class=\"text-base my-auto mx-auto pb-10 [--thread-content-margin:--spacing(4)] @w-sm\/main:[--thread-content-margin:--spacing(6)] @w-lg\/main:[--thread-content-margin:--spacing(16)] px-(--thread-content-margin)\"><div class=\"[--thread-content-max-width:40rem] @w-lg\/main:[--thread-content-max-width:48rem] mx-auto max-w-(--thread-content-max-width) flex-1 group\/turn-messages focus-visible:outline-hidden relative flex w-full min-w-0 flex-col agent-turn\" tabindex=\"-1\"><div class=\"flex max-w-full flex-col grow AIPRM__conversation__response\"><div class=\"min-h-8 text-message relative flex w-full flex-col items-end gap-2 text-start break-words whitespace-normal [.text-message+&amp;]:mt-1\" dir=\"auto\" data-message-author-role=\"assistant\" data-message-id=\"87cdba74-7df3-4c7a-9dbb-8a11fc87bf0a\" data-message-model-slug=\"gpt-5-2\"><div class=\"flex w-full flex-col gap-1 empty:hidden first:pt-[1px]\"><div class=\"markdown prose dark:prose-invert w-full wrap-break-word dark markdown-new-styling\"><p data-start=\"0\" data-end=\"406\" data-is-last-node=\"\" data-is-only-node=\"\">Berber texnologiyas\u0131 m\u00fcasir avadanl\u0131q v\u0259 innovativ h\u0259ll\u0259rl\u0259 b\u0259rb\u0259rlik sah\u0259sini yeni s\u0259viyy\u0259y\u0259 qald\u0131r\u0131r. A\u011f\u0131ll\u0131 al\u0259tl\u0259r v\u0259 pe\u015f\u0259kar cihazlar daha d\u0259qiq, s\u00fcr\u0259tli v\u0259 keyfiyy\u0259tli xidm\u0259t g\u00f6st\u0259rm\u0259y\u0259 imkan yarad\u0131r. Bu texnologiyalar h\u0259m ustalar\u0131n i\u015fini asanla\u015fd\u0131r\u0131r, h\u0259m d\u0259 m\u00fc\u015ft\u0259ri m\u0259mnuniyy\u0259tini art\u0131r\u0131r. BerberTech olaraq biz \u0259n son texnoloji yenilikl\u0259ri t\u0259qdim ed\u0259r\u0259k b\u0259rb\u0259rlik sah\u0259sind\u0259 inki\u015faf\u0131 d\u0259st\u0259kl\u0259yirik.<\/p><\/div><\/div><\/div><\/div><\/div><\/div><\/article><\/div><\/div><\/div><\/div><div class=\"col-xs-12 col-sm-6 col-md-4 \"><div class=\"card mdc-elevation--z3 row-card\"><div class=\"row\"><div class=\"col-xs-12 col-sm-fit icon-col\" data-fixed=\"true\">\u00a0<\/div><div class=\"col-xs-12 col-sm\" data-type=\"column\"><h4 class=\"color-black\">B\u0259rb\u0259rlik s\u0259n\u0259ti<\/h4><p class=\"\">B\u0259rb\u0259rlik s\u0259n\u0259ti q\u0259dim tarix\u0259 malik olan v\u0259 zamanla inki\u015faf ed\u0259r\u0259k pe\u015f\u0259kar bir sah\u0259y\u0259 \u00e7evrilmi\u015f inc\u0259 bir s\u0259n\u0259tdir. Bu s\u0259n\u0259t yaln\u0131z sa\u00e7 v\u0259 saqqal k\u0259simi deyil, eyni zamanda \u00fcslub, z\u00f6vq v\u0259 estetik bax\u0131\u015f t\u0259l\u0259b edir. Pe\u015f\u0259kar b\u0259rb\u0259r h\u0259r bir m\u00fc\u015ft\u0259rinin \u00fcz qurulu\u015funa, sa\u00e7 tipin\u0259 v\u0259 ist\u0259yin\u0259 uy\u011fun f\u0259rdi yana\u015fma g\u00f6st\u0259rir. M\u00fcasir d\u00f6vrd\u0259 b\u0259rb\u0259rlik h\u0259m \u0259n\u0259n\u0259ni, h\u0259m d\u0259 texnologiyan\u0131 birl\u0259\u015fdir\u0259r\u0259k daha yarad\u0131c\u0131 v\u0259 innovativ formada inki\u015faf edir.<\/p><\/div><\/div><\/div><\/div><div class=\"col-xs-12 col-sm-6 col-md-4 \"><div class=\"card mdc-elevation--z3 row-card\"><div class=\"row\"><div class=\"col-xs-12 col-sm-fit icon-col\" data-fixed=\"true\">\u00a0<\/div><div class=\"col-xs-12 col-sm\" data-type=\"column\"><h4 class=\"color-black\">M\u00fcasir d\u00f6vr\u00fcn b\u0259rb\u0259rliyi<\/h4><div class=\"flex flex-col text-sm pb-25\"><article class=\"text-token-text-primary w-full focus:outline-none [--shadow-height:45px] has-data-writing-block:pointer-events-none has-data-writing-block:-mt-(--shadow-height) has-data-writing-block:pt-(--shadow-height) [&amp;:has([data-writing-block])&gt;*]:pointer-events-auto scroll-mt-[calc(var(--header-height)+min(200px,max(70px,20svh)))] sm:AIPRM__conversation__response\" dir=\"auto\" tabindex=\"-1\" data-turn-id=\"request-WEB:877466b6-1eb3-4141-b715-9b74bdc36503-2\" data-testid=\"conversation-turn-6\" data-scroll-anchor=\"true\" data-turn=\"assistant\"><div class=\"text-base my-auto mx-auto pb-10 [--thread-content-margin:--spacing(4)] @w-sm\/main:[--thread-content-margin:--spacing(6)] @w-lg\/main:[--thread-content-margin:--spacing(16)] px-(--thread-content-margin)\"><div class=\"[--thread-content-max-width:40rem] @w-lg\/main:[--thread-content-max-width:48rem] mx-auto max-w-(--thread-content-max-width) flex-1 group\/turn-messages focus-visible:outline-hidden relative flex w-full min-w-0 flex-col agent-turn\" tabindex=\"-1\"><div class=\"flex max-w-full flex-col grow AIPRM__conversation__response\"><div class=\"min-h-8 text-message relative flex w-full flex-col items-end gap-2 text-start break-words whitespace-normal [.text-message+&amp;]:mt-1\" dir=\"auto\" data-message-author-role=\"assistant\" data-message-id=\"cb7f2d36-bf1d-4a5d-98c6-124002f2fce6\" data-message-model-slug=\"gpt-5-2\"><div class=\"flex w-full flex-col gap-1 empty:hidden first:pt-[1px]\"><div class=\"markdown prose dark:prose-invert w-full wrap-break-word dark markdown-new-styling\"><p data-start=\"0\" data-end=\"389\" data-is-last-node=\"\" data-is-only-node=\"\">M\u00fcasir d\u00f6vr\u00fcn b\u0259rb\u0259rliyi \u0259n\u0259n\u0259vi ustal\u0131qla innovativ texnologiyan\u0131n v\u0259hd\u0259tidir. Bu g\u00fcn b\u0259rb\u0259rl\u0259r yaln\u0131z sa\u00e7 v\u0259 saqqal k\u0259simi etmir, h\u0259m d\u0259 f\u0259rdi imic formala\u015fd\u0131raraq m\u00fc\u015ft\u0259rinin \u00fcslubunu \u00f6n plana \u00e7\u0131xar\u0131rlar. Yeni n\u0259sil avadanl\u0131qlar v\u0259 gigiyenik standartlar xidm\u0259t keyfiyy\u0259tini daha da y\u00fcks\u0259ldir. Sosial media v\u0259 trendl\u0259r is\u0259 b\u0259rb\u0259rlik s\u0259n\u0259tini daim yenil\u0259n\u0259n v\u0259 yarad\u0131c\u0131 bir sah\u0259y\u0259 \u00e7evirir.<\/p><\/div><\/div><\/div><\/div><div class=\"z-0 flex min-h-[46px] justify-start\">\u00a0<\/div><\/div><\/div><\/article><\/div><\/div><\/div><\/div><\/div><\/div><\/div><\/div><p><!-- \/wp:extendstudio\/materialis --><!-- wp:extendstudio\/materialis --><\/p><div id=\"about-6\" class=\"about-4 content-section content-section-spacing-large\" style=\"background-color: #f5fafd;\" data-label=\"About\" data-id=\"about-4\" data-export-id=\"about-4\" data-category=\"about\"><div class=\"gridContainer\"><div class=\"row middle-sm text-center\"><div class=\"col-sm-5 space-bottom-xs\" data-type=\"column\"><h2 class=\"\">Haqq\u0131m\u0131zda\u00a0<\/h2><h5 class=\"\">Biz kimik?<\/h5><p>BerberTech &#8211; b\u0259rb\u0259rlik sah\u0259sini texnologiya v\u0259 r\u0259q\u0259msal inki\u015fafla birl\u0259\u015fdir\u0259n innovativ platformad\u0131r. Biz b\u0259rb\u0259rl\u0259rin yaln\u0131z pe\u015f\u0259 bacar\u0131qlar\u0131n\u0131 deyil, eyni zamanda biznes d\u00fc\u015f\u00fcnc\u0259sini, r\u0259q\u0259msal varl\u0131\u011f\u0131n\u0131 v\u0259 g\u0259lir modelini inki\u015faf etdirm\u0259yi h\u0259d\u0259fl\u0259yirik.<br \/>Yarand\u0131\u011f\u0131m\u0131z g\u00fcnd\u0259n etibar\u0259n m\u0259qs\u0259dimiz b\u0259rb\u0259rl\u0259ri klassik i\u015f formas\u0131ndan \u00e7\u0131xar\u0131b m\u00fcasir, sistemli v\u0259 davaml\u0131 i\u015f modelin\u0259 y\u00f6n\u0259ltm\u0259k olub. \u00c7\u00fcnki bu g\u00fcn u\u011fur qazanmaq \u00fc\u00e7\u00fcn t\u0259kc\u0259 yax\u015f\u0131 usta olmaq kifay\u0259t etmir \u2013 d\u00fczg\u00fcn strategiya v\u0259 texnologiya da vacibdir.<\/p><p><a class=\"button big color1 mdc-ripple-upgraded\" href=\"#\" target=\"_self\" data-cp-link=\"1\">\u018ftrafl\u0131<\/a><\/p><\/div><div class=\"col-sm-7 flexbox center-xs middle-xs image-group-2-img padding-top-bottom\"><img fetchpriority=\"high\" decoding=\"async\" class=\"alignnone wp-image-21\" src=\"https:\/\/berbertech.com\/wp-content\/uploads\/2026\/02\/cropped-Best-Barbers-In-Chelsea-For-Mens-Grooming-Services-London-Kensington-Guide-1-300x300.jpeg\" alt=\"\" width=\"276\" height=\"276\" srcset=\"https:\/\/berbertech.com\/wp-content\/uploads\/2026\/02\/cropped-Best-Barbers-In-Chelsea-For-Mens-Grooming-Services-London-Kensington-Guide-1-300x300.jpeg 300w, https:\/\/berbertech.com\/wp-content\/uploads\/2026\/02\/cropped-Best-Barbers-In-Chelsea-For-Mens-Grooming-Services-London-Kensington-Guide-1-150x150.jpeg 150w, https:\/\/berbertech.com\/wp-content\/uploads\/2026\/02\/cropped-Best-Barbers-In-Chelsea-For-Mens-Grooming-Services-London-Kensington-Guide-1-270x270.jpeg 270w, https:\/\/berbertech.com\/wp-content\/uploads\/2026\/02\/cropped-Best-Barbers-In-Chelsea-For-Mens-Grooming-Services-London-Kensington-Guide-1-192x192.jpeg 192w, https:\/\/berbertech.com\/wp-content\/uploads\/2026\/02\/cropped-Best-Barbers-In-Chelsea-For-Mens-Grooming-Services-London-Kensington-Guide-1-180x180.jpeg 180w, https:\/\/berbertech.com\/wp-content\/uploads\/2026\/02\/cropped-Best-Barbers-In-Chelsea-For-Mens-Grooming-Services-London-Kensington-Guide-1-32x32.jpeg 32w, https:\/\/berbertech.com\/wp-content\/uploads\/2026\/02\/cropped-Best-Barbers-In-Chelsea-For-Mens-Grooming-Services-London-Kensington-Guide-1.jpeg 512w\" sizes=\"(max-width: 276px) 100vw, 276px\" \/> <img decoding=\"async\" class=\"alignnone wp-image-45\" src=\"https:\/\/berbertech.com\/wp-content\/uploads\/2026\/02\/download-82-240x300.jpg\" alt=\"\" width=\"248\" height=\"310\" srcset=\"https:\/\/berbertech.com\/wp-content\/uploads\/2026\/02\/download-82-240x300.jpg 240w, https:\/\/berbertech.com\/wp-content\/uploads\/2026\/02\/download-82-600x750.jpg 600w, https:\/\/berbertech.com\/wp-content\/uploads\/2026\/02\/download-82.jpg 736w\" sizes=\"(max-width: 248px) 100vw, 248px\" \/><\/div><\/div><\/div><\/div><p><!-- \/wp:extendstudio\/materialis --><!-- wp:extendstudio\/materialis --><\/p><div id=\"features-2\" class=\"features-10m content-section-spacing-large content-section\" style=\"background-color: #ffffff;\" data-label=\"Features\" data-id=\"features-10-materialis\" data-export-id=\"features-10-materialis\" data-category=\"features\"><div class=\"gridContainer\"><div class=\"row\"><div class=\"section-title-col\" data-type=\"column\"><h2 class=\"\">M\u0259hsullar<\/h2><p class=\"\">BerberTech \u2013 olaraq b\u0259rb\u0259r v\u0259 g\u00f6z\u0259llik sah\u0259sind\u0259 \u00e7al\u0131\u015fan m\u00fct\u0259x\u0259ssisl\u0259r \u00fc\u00e7\u00fcn texnologiya, bilik v\u0259 inki\u015faf\u0131 bir araya g\u0259tir\u0259n m\u0259hsullar t\u0259qdim edirik.M\u0259qs\u0259dimiz i\u015fini daha sistemli, g\u0259lirli v\u0259 m\u00fcasir qurma\u011f\u0131na k\u00f6m\u0259k etm\u0259kdir.<\/p><\/div><\/div><div class=\"row \"><div class=\"col-xs-12 col-md-10 col-md-offset-1\"><div class=\"row space-top spaced-cols content-center-sm\" data-type=\"row\" data-max-items=\"4\"><div class=\"col-xs-10 col-md-4 col-sm-6 col-sm-offset-0 col-xs-offset-1\"><div class=\"card no-radius mdc-elevation--z1 y-move bg-color-white padding-24 bordered\" data-type=\"column\"><h6 class=\"\">Qay\u00e7\u0131 v\u0259 \u00dclg\u00fccl\u0259r<\/h6><\/div><\/div><div class=\"col-xs-10 col-md-4 col-sm-6 col-sm-offset-0 col-xs-offset-1\"><div class=\"card no-radius mdc-elevation--z1 y-move bg-color-white padding-24 bordered\" data-type=\"column\"><h6 class=\"\">Sa\u00e7 K\u0259sim Ma\u015f\u0131nlar\u0131<\/h6><\/div><\/div><div class=\"col-xs-10 col-md-4 col-sm-6 col-sm-offset-0 col-xs-offset-1\"><div class=\"card no-radius mdc-elevation--z1 y-move bg-color-white padding-24 bordered\" data-type=\"column\"><h6 class=\"\">Fen v\u0259 Stil Al\u0259tl\u0259ri<\/h6><\/div><\/div><div class=\"col-xs-10 col-md-4 col-sm-6 col-sm-offset-0 col-xs-offset-1\"><div class=\"card no-radius mdc-elevation--z1 y-move bg-color-white padding-24 bordered\" data-type=\"column\"><h6 class=\"\">Sa\u00e7a Qulluq M\u0259hsullar\u0131<\/h6><\/div><\/div><div class=\"col-md-4 col-sm-6 col-sm-offset-0 col-xs-10 col-xs-offset-1\"><div class=\"card no-radius mdc-elevation--z1 y-move bg-color-white padding-24 bordered\" data-type=\"column\"><h6 class=\"\">Saqqal Bax\u0131m<\/h6><\/div><\/div><\/div><\/div><\/div><\/div><\/div><div id=\"content-24\" class=\"content-7m content-section-spacing-large content-section\" style=\"background-color: #f5fafd;\" data-label=\"Content\" data-id=\"content-7-materialis\" data-export-id=\"content-7-materialis\" data-category=\"content\"><div class=\"gridContainer\"><div class=\"row middle-sm\"><div class=\"col-md-5 col-md-offset-1 col-xs-12 col-sm-6 content-left-sm col-padding-small-xs\" data-type=\"column\"><h3 class=\"space-bottom\">Niy\u0259 BerberTech?<\/h3><p>\u00c7\u00fcnki art\u0131q yaln\u0131z yax\u015f\u0131 sa\u00e7 k\u0259sm\u0259k kifay\u0259t deyil. G\u00fccl\u00fc brend, aktiv sosial \u015f\u0259b\u0259k\u0259 v\u0259 d\u00fczg\u00fcn texnologiya olmadan b\u00f6y\u00fcm\u0259k \u00e7\u0259tindir.<br \/>BerberTech s\u0259n\u0259 pe\u015f\u0259ni biznes\u0259 \u00e7evirm\u0259yi \u00f6yr\u0259dir.<\/p><p><a class=\"button read-more link color1 space-top negative-margin mdc-ripple-upgraded\" href=\"#\" target=\"_self\" data-cp-link=\"1\">\u018ftrafl\u0131<i class=\"mdi mdi-arrow-right-thick read-more-icon\"><\/i><\/a><\/p><\/div><\/div><\/div><\/div><p><!-- \/wp:extendstudio\/materialis --><!-- wp:extendstudio\/materialis --><\/p><div id=\"content-25\" class=\"content-8m content-section-spacing-large content-section\" style=\"background-color: #ffffff;\" data-label=\"Content\" data-id=\"content-8-materialis\" data-export-id=\"content-8-materialis\" data-category=\"content\"><div class=\"gridContainer\"><div class=\"row middle-sm\"><div class=\"col-md-5 col-xs-12 col-sm-6 space-bottom-xs\" data-type=\"column\"><h3 class=\"\">M\u0259hsullar\u0131m\u0131z<\/h3><h6 class=\"upper\">&#8220;brend ol&#8221;<\/h6><p data-start=\"289\" data-end=\"490\">\u00c7e\u015fidimiz\u0259 sa\u00e7 k\u0259sim ma\u015f\u0131nlar\u0131, trimmerl\u0259r, fenl\u0259r, sterilizasiya avadanl\u0131qlar\u0131 v\u0259 dig\u0259r pe\u015f\u0259kar al\u0259tl\u0259r daxildir. H\u0259r m\u0259hsul funksionall\u0131q, rahat istifad\u0259 v\u0259 uzun\u00f6m\u00fcrl\u00fcl\u00fck prinsipi \u0259sas\u0131nda se\u00e7ilir.<\/p><p>\u018ftrafl\u0131<\/p><\/div><div class=\"col-md-6 col-md-offset-1 col-xs-12 col-sm-6\"><img decoding=\"async\" class=\"alignnone  wp-image-76\" src=\"https:\/\/berbertech.com\/wp-content\/uploads\/2026\/02\/Sleek-and-Stylish-\ud83d\ude4c-The-all-NEW-Matte-Black-Collections-from-babyliss4barbers-are-available-real-soon-\ud83d\udcaf-trimmer-barber-barbershop-240x300.jpg\" alt=\"\" width=\"277\" height=\"347\" srcset=\"https:\/\/berbertech.com\/wp-content\/uploads\/2026\/02\/Sleek-and-Stylish-\ud83d\ude4c-The-all-NEW-Matte-Black-Collections-from-babyliss4barbers-are-available-real-soon-\ud83d\udcaf-trimmer-barber-barbershop-240x300.jpg 240w, https:\/\/berbertech.com\/wp-content\/uploads\/2026\/02\/Sleek-and-Stylish-\ud83d\ude4c-The-all-NEW-Matte-Black-Collections-from-babyliss4barbers-are-available-real-soon-\ud83d\udcaf-trimmer-barber-barbershop-600x750.jpg 600w, https:\/\/berbertech.com\/wp-content\/uploads\/2026\/02\/Sleek-and-Stylish-\ud83d\ude4c-The-all-NEW-Matte-Black-Collections-from-babyliss4barbers-are-available-real-soon-\ud83d\udcaf-trimmer-barber-barbershop.jpg 736w\" sizes=\"(max-width: 277px) 100vw, 277px\" \/><\/div><\/div><\/div><\/div><p><!-- \/wp:extendstudio\/materialis --><!-- wp:extendstudio\/materialis --><\/p><div id=\"testimonials-2\" class=\"testimonials-1m content-section content-section-spacing\" style=\"background-color: #ffffff;\" data-label=\"Testimonials\" data-id=\"testimonials-1-materialis\" data-export-id=\"testimonials-1-materialis\" data-category=\"testimonials\"><div class=\"gridContainer\"><div class=\"row space-bottom-small\"><div class=\"section-title-col\" data-type=\"column\"><h2 class=\"\">B\u0259rb\u0259rlik Kursu<span style=\"color: #8d99ae; font-size: 1.1rem;\">\u00a0<\/span><\/h2><\/div><\/div><div class=\"row spaced-cols content-left-sm\" data-type=\"row\"><div class=\"col-xs-12 col-sm-4 col-md-4\"><div class=\"card mdc-elevation--z3 small-padding no-border\"><div class=\"row middle-xs f-align\"><div class=\"col-xs-fit col-sm-12 col-md-fit space-bottom-image\" data-fixed=\"true\">BerberTech kursunda s\u0259n sad\u0259c\u0259 sa\u00e7 k\u0259sm\u0259yi yox, real m\u00fc\u015ft\u0259ri il\u0259 i\u015fl\u0259m\u0259yi \u00f6yr\u0259nirs\u0259n. T\u0259liml\u0259r praktik \u00fcz\u0259rind\u0259 qurulub v\u0259 s\u0259n kurs bit\u0259n\u0259 q\u0259d\u0259r \u00f6z\u00fcn\u00fc \u0259min hiss ed\u0259c\u0259k s\u0259viyy\u0259y\u0259 g\u0259lirs\u0259n.<\/div><div class=\"col-xs-fit col-sm-12 col-md-fit info no-padding-left\" data-type=\"column\"><p><strong data-start=\"130\" data-end=\"161\">\u00a0<\/strong><\/p><p><strong data-start=\"130\" data-end=\"161\">1. Pe\u015f\u0259kar s\u0259viyy\u0259d\u0259 t\u0259dris<\/strong><\/p><\/div><\/div><\/div><\/div><div class=\"col-xs-12 col-sm-4 col-md-4\"><div class=\"card mdc-elevation--z3 small-padding no-border\"><div class=\"row space-bottom-small\"><div class=\"testimonial-body col-xs-12\" data-type=\"column\"><p data-start=\"358\" data-end=\"540\">Uzun-uzad\u0131 bo\u015f n\u0259z\u0259riyy\u0259 yoxdur. 2-3 ay \u0259rzind\u0259 s\u0259n art\u0131q i\u015fl\u0259y\u0259 bil\u0259c\u0259k s\u0259viyy\u0259y\u0259 \u00e7atd\u0131r\u0131l\u0131rsan. M\u0259qs\u0259dimiz diplom yox, qazanc g\u0259tir\u0259n bacar\u0131qd\u0131r.\u00a0<\/p><\/div><\/div><div class=\"row middle-xs f-align\"><div class=\"col-xs-fit col-sm-12 col-md-fit info no-padding-left\" data-type=\"column\"><p><strong data-start=\"358\" data-end=\"390\">2. Q\u0131sa m\u00fcdd\u0259td\u0259 real n\u0259tic\u0259<\/strong><\/p><\/div><\/div><\/div><\/div><div class=\"col-xs-12 col-sm-4 col-md-4\"><div class=\"card mdc-elevation--z3 small-padding no-border\"><div class=\"row space-bottom-small\"><div class=\"testimonial-body col-xs-12\" data-type=\"column\"><p data-start=\"547\" data-end=\"727\">Kurs bitdi, h\u0259r \u015fey bitdi \u2013 bizd\u0259 bel\u0259 deyil. \u018fn yax\u015f\u0131 t\u0259l\u0259b\u0259l\u0259r \u00fc\u00e7\u00fcn i\u015f imkan\u0131 v\u0259 davaml\u0131 d\u0259st\u0259k verilir. S\u0259ni bazara haz\u0131r v\u0259ziyy\u0259td\u0259 burax\u0131r\u0131q.<\/p><\/div><\/div><div class=\"row middle-xs f-align\"><div class=\"col-xs-fit col-sm-12 col-md-fit space-bottom-image\" data-fixed=\"true\">\u00a0<\/div><div class=\"col-xs-fit col-sm-12 col-md-fit info no-padding-left\" data-type=\"column\"><h6 class=\"font-700\">3. Karyera v\u0259 d\u0259st\u0259k imkan\u0131<\/h6><p class=\"small font-300\">\u00a0<\/p><\/div><\/div><\/div><\/div><\/div><\/div><\/div><p><!-- \/wp:extendstudio\/materialis --><!-- wp:extendstudio\/materialis --><\/p><div id=\"cta-1\" class=\"content-relative content-section content-section-spacing-large cta-1-materialis section-title-col-white-text wp-dark-mode-bg-image\" style=\"background-color: #f5fafd;\" data-label=\"Cta\" data-id=\"cta-1-materialis\" data-export-id=\"cta-1-materialis\" data-category=\"cta\" data-section-ov=\"1\" data-parallax-depth=\"20\"><div class=\"gridContainer\"><div class=\"row text-center col-sm-padding-medium\"><div class=\"col-md-6 col-md-offset-3 col-xs-10 col-xs-offset-1 card mdc-elevation--z3 box-padding-lr-small\"><div class=\"\" data-type=\"column\"><h2 class=\"\">\u0130ndi Ba\u015fla<\/h2><p class=\"\">\u00a0<\/p><p><a class=\"button big color1 mdc-elevation--z1 mdc-ripple-upgraded\">START NOW<\/a><\/p><\/div><\/div><\/div><\/div><\/div><p><!-- \/wp:extendstudio\/materialis --><!-- wp:extendstudio\/materialis --><\/p><div id=\"team-7\" class=\"team-8m content-section content-section-spacing-large\" style=\"background-color: #ffffff;\" data-label=\"Team\" data-id=\"team-8-materialis\" data-export-id=\"team-8-materialis\" data-category=\"team\"><div class=\"gridContainer\"><div class=\"row space-bottom\"><div class=\"section-title-col\" data-type=\"column\"><h2 class=\"\">Komandam\u0131z<\/h2><p class=\"lead\">BerberTech \u2013 komandas\u0131 b\u0259rb\u0259rlik sah\u0259sini, texnologiyan\u0131 v\u0259 r\u0259q\u0259msal d\u00fcnyan\u0131 bir araya g\u0259tir\u0259n pe\u015f\u0259kar v\u0259 yarad\u0131c\u0131 insanlardan ibar\u0259tdir.Biz yaln\u0131z xidm\u0259t g\u00f6st\u0259rmirik, b\u0259rb\u0259rl\u0259rin inki\u015faf yolunda real t\u0259r\u0259fda\u015f olma\u011fa \u00e7al\u0131\u015f\u0131r\u0131q.<\/p><\/div><\/div><\/div><\/div><p><!-- \/wp:extendstudio\/materialis --><!-- wp:extendstudio\/materialis --><\/p><div id=\"latest-news-1\" class=\"latest-news-1-materialis content-section content-section-spacing-large\" style=\"background-color: #f5fafd;\" data-label=\"Latest-news\" data-id=\"latest-news-1-materialis\" data-export-id=\"latest-news-1-materialis\" data-category=\"latest_news\"><div class=\"gridContainer\"><div class=\"row\"><div class=\"section-title-col\" data-type=\"column\"><h2 class=\"\">Blog<\/h2><p class=\"lead\">BerberTech \u2013 Blog b\u0259rb\u0259r v\u0259 g\u00f6z\u0259llik sah\u0259sind\u0259 \u00e7al\u0131\u015fanlar \u00fc\u00e7\u00fcn bilik, t\u0259cr\u00fcb\u0259 v\u0259 yenilik m\u0259nb\u0259yidir. Burada s\u0259n yaln\u0131z trendl\u0259ri yox, real i\u015f h\u0259yat\u0131nda istifad\u0259 ed\u0259 bil\u0259c\u0259yin praktik v\u0259 faydal\u0131 m\u0259lumatlar tapacaqsan.<\/p><\/div><\/div><div class=\"row content-left-sm\"><div data-type=\"row\" data-dynamic-columns=\"handled\" data-content-shortcode=\"materialis_latest_news\" data-max-items=\"4\">\u00a0<\/div><\/div><div class=\"row\"><div class=\"col-xs-12 text-center\"><a class=\"button big color1 mdc-elevation--z3 mdc-ripple-upgraded\" href=\"[materialis_blog_link]\" data-attr-shortcode=\"href:materialis_blog_link\">Oxu<\/a><\/div><\/div><\/div><\/div><p><!-- \/wp:extendstudio\/materialis --><!-- wp:extendstudio\/materialis --><\/p><div id=\"contact-1\" class=\"contact-1 content-section content-section-spacing-large content-relative white-text wp-dark-mode-bg-image\" data-label=\"Contact\" data-id=\"contact-1\" data-export-id=\"contact-1\" data-category=\"contact\" data-parallax-depth=\"20\"><div class=\"gridContainer\"><div class=\"row text-center\"><div class=\"section-title-col\" data-type=\"column\"><h2 class=\"\">\u018flaq\u0259<\/h2><p class=\"lead\">\u018ftrafl\u0131 m\u0259lumat \u00fc\u00e7\u00fcn indi s\u0259nd\u0259 biz\u0259 Yaz<\/p><\/div><\/div><div class=\"row text-center\"><div class=\"col-xs-12 col-sm-8 col-sm-offset-2 contact-form-wrapper inline-info\"><div class=\"card mdc-elevation--z3 col-padding-top\"><div class=\"dark-text\" data-content-shortcode=\"materialis_contact_form\" data-editable=\"true\">\u00a0<\/div><\/div><\/div><\/div><\/div><\/div><p><!-- \/wp:extendstudio\/materialis --><\/p>\t\t\t\t\t\t\t\t<\/div>\n\t\t\t\t\t<\/div>\n\t\t\t\t<\/div>\n\t\t\t\t<\/div>\n\t\t","protected":false},"excerpt":{"rendered":"","protected":false},"author":1,"featured_media":0,"parent":0,"menu_order":0,"comment_status":"closed","ping_status":"closed","template":"","meta":{"footnotes":""},"class_list":["post-9","page","type-page","status-publish","hentry"],"_hostinger_reach_plugin_has_subscription_block":false,"_hostinger_reach_plugin_is_elementor":false,"_links":{"self":[{"href":"https:\/\/berbertech.com\/index.php?rest_route=\/wp\/v2\/pages\/9","targetHints":{"allow":["GET"]}}],"collection":[{"href":"https:\/\/berbertech.com\/index.php?rest_route=\/wp\/v2\/pages"}],"about":[{"href":"https:\/\/berbertech.com\/index.php?rest_route=\/wp\/v2\/types\/page"}],"author":[{"embeddable":true,"href":"https:\/\/berbertech.com\/index.php?rest_route=\/wp\/v2\/users\/1"}],"replies":[{"embeddable":true,"href":"https:\/\/berbertech.com\/index.php?rest_route=%2Fwp%2Fv2%2Fcomments&post=9"}],"version-history":[{"count":22,"href":"https:\/\/berbertech.com\/index.php?rest_route=\/wp\/v2\/pages\/9\/revisions"}],"predecessor-version":[{"id":140,"href":"https:\/\/berbertech.com\/index.php?rest_route=\/wp\/v2\/pages\/9\/revisions\/140"}],"wp:attachment":[{"href":"https:\/\/berbertech.com\/index.php?rest_route=%2Fwp%2Fv2%2Fmedia&parent=9"}],"curies":[{"name":"wp","href":"https:\/\/api.w.org\/{rel}","templated":true}]}}